{"id":471,"date":"2025-11-11T21:19:07","date_gmt":"2025-11-11T21:19:07","guid":{"rendered":"https:\/\/jcolas.santcugatesn.com\/?page_id=471"},"modified":"2025-11-11T21:19:07","modified_gmt":"2025-11-11T21:19:07","slug":"sobre-nosotros","status":"publish","type":"page","link":"https:\/\/jcolas.santcugatesn.com\/?page_id=471","title":{"rendered":"Sobre Nosotros"},"content":{"rendered":"\n<p>En MAISON \u00c9CLAT, creemos que la elegancia no es una tendencia, sino una forma de expresi\u00f3n.<br>Nacida de la pasi\u00f3n por el dise\u00f1o atemporal y los detalles exquisitos, nuestra casa representa la uni\u00f3n perfecta entre sofisticaci\u00f3n moderna y artesan\u00eda refinada.<\/p>\n\n\n\n<p>Cada pieza de nuestras colecciones es creada con precisi\u00f3n y cuidado, utilizando materiales de la m\u00e1s alta calidad, seleccionados para ofrecer una experiencia sensorial \u00fanica. Inspirados por la belleza natural y la arquitectura contempor\u00e1nea, buscamos redefinir el lujo a trav\u00e9s de la simplicidad, la pureza de las formas y la fuerza del estilo personal.<\/p>\n\n\n\n<p>MAISON \u00c9CLAT no solo viste, sino que revela la esencia de quien la lleva: confianza, elegancia y car\u00e1cter.<br>Nuestro compromiso es ofrecer un universo donde cada detalle brille con luz propia.<\/p>\n\n\n\n<p><\/p>\n","protected":false},"excerpt":{"rendered":"<p>En MAISON \u00c9CLAT, creemos que la elegancia no es una tendencia, sino una forma de expresi\u00f3n.Nacida de la pasi\u00f3n por el dise\u00f1o atemporal y los detalles exquisitos, nuestra casa representa la uni\u00f3n perfecta entre sofisticaci\u00f3n moderna y artesan\u00eda refinada. Cada pieza de nuestras colecciones es creada con precisi\u00f3n y cuidado, utilizando materiales de la m\u00e1s alta calidad, seleccionados para ofrecer [&hellip;]<\/p>\n","protected":false},"author":1,"featured_media":0,"parent":0,"menu_order":0,"comment_status":"closed","ping_status":"closed","template":"","meta":{"footnotes":""},"class_list":["post-471","page","type-page","status-publish","hentry"],"yoast_head":"<!-- This site is optimized with the Yoast SEO plugin v26.3 - https:\/\/yoast.com\/wordpress\/plugins\/seo\/ -->\n<title>Sobre Nosotros - Maison \u00c9clat<\/title>\n<meta name=\"robots\" content=\"index, follow, max-snippet:-1, max-image-preview:large, max-video-preview:-1\" \/>\n<link rel=\"canonical\" href=\"https:\/\/jcolas.santcugatesn.com\/?page_id=471\" \/>\n<meta property=\"og:locale\" content=\"en_US\" \/>\n<meta property=\"og:type\" content=\"article\" \/>\n<meta property=\"og:title\" content=\"Sobre Nosotros - Maison \u00c9clat\" \/>\n<meta property=\"og:description\" content=\"En MAISON \u00c9CLAT, creemos que la elegancia no es una tendencia, sino una forma de expresi\u00f3n.Nacida de la pasi\u00f3n por el dise\u00f1o atemporal y los detalles exquisitos, nuestra casa representa la uni\u00f3n perfecta entre sofisticaci\u00f3n moderna y artesan\u00eda refinada. Cada pieza de nuestras colecciones es creada con precisi\u00f3n y cuidado, utilizando materiales de la m\u00e1s alta calidad, seleccionados para ofrecer [&hellip;]\" \/>\n<meta property=\"og:url\" content=\"https:\/\/jcolas.santcugatesn.com\/?page_id=471\" \/>\n<meta property=\"og:site_name\" content=\"Maison \u00c9clat\" \/>\n<meta name=\"twitter:card\" content=\"summary_large_image\" \/>\n<meta name=\"twitter:label1\" content=\"Est. reading time\" \/>\n\t<meta name=\"twitter:data1\" content=\"1 minute\" \/>\n<script type=\"application\/ld+json\" class=\"yoast-schema-graph\">{\"@context\":\"https:\/\/schema.org\",\"@graph\":[{\"@type\":\"WebPage\",\"@id\":\"https:\/\/jcolas.santcugatesn.com\/?page_id=471\",\"url\":\"https:\/\/jcolas.santcugatesn.com\/?page_id=471\",\"name\":\"Sobre Nosotros - Maison \u00c9clat\",\"isPartOf\":{\"@id\":\"https:\/\/jcolas.santcugatesn.com\/#website\"},\"datePublished\":\"2025-11-11T21:19:07+00:00\",\"breadcrumb\":{\"@id\":\"https:\/\/jcolas.santcugatesn.com\/?page_id=471#breadcrumb\"},\"inLanguage\":\"en-US\",\"potentialAction\":[{\"@type\":\"ReadAction\",\"target\":[\"https:\/\/jcolas.santcugatesn.com\/?page_id=471\"]}]},{\"@type\":\"BreadcrumbList\",\"@id\":\"https:\/\/jcolas.santcugatesn.com\/?page_id=471#breadcrumb\",\"itemListElement\":[{\"@type\":\"ListItem\",\"position\":1,\"name\":\"Home\",\"item\":\"https:\/\/jcolas.santcugatesn.com\/\"},{\"@type\":\"ListItem\",\"position\":2,\"name\":\"Sobre Nosotros\"}]},{\"@type\":\"WebSite\",\"@id\":\"https:\/\/jcolas.santcugatesn.com\/#website\",\"url\":\"https:\/\/jcolas.santcugatesn.com\/\",\"name\":\"Maison \u00c9clat\",\"description\":\"\",\"publisher\":{\"@id\":\"https:\/\/jcolas.santcugatesn.com\/#organization\"},\"potentialAction\":[{\"@type\":\"SearchAction\",\"target\":{\"@type\":\"EntryPoint\",\"urlTemplate\":\"https:\/\/jcolas.santcugatesn.com\/?s={search_term_string}\"},\"query-input\":{\"@type\":\"PropertyValueSpecification\",\"valueRequired\":true,\"valueName\":\"search_term_string\"}}],\"inLanguage\":\"en-US\"},{\"@type\":\"Organization\",\"@id\":\"https:\/\/jcolas.santcugatesn.com\/#organization\",\"name\":\"Maison \u00c9clat\",\"url\":\"https:\/\/jcolas.santcugatesn.com\/\",\"logo\":{\"@type\":\"ImageObject\",\"inLanguage\":\"en-US\",\"@id\":\"https:\/\/jcolas.santcugatesn.com\/#\/schema\/logo\/image\/\",\"url\":\"https:\/\/jcolas.santcugatesn.com\/wp-content\/uploads\/2025\/10\/cropped-Captura_de_pantalla_2025-10-22_a_las_9.44.59-removebg-preview-1.png\",\"contentUrl\":\"https:\/\/jcolas.santcugatesn.com\/wp-content\/uploads\/2025\/10\/cropped-Captura_de_pantalla_2025-10-22_a_las_9.44.59-removebg-preview-1.png\",\"width\":311,\"height\":88,\"caption\":\"Maison \u00c9clat\"},\"image\":{\"@id\":\"https:\/\/jcolas.santcugatesn.com\/#\/schema\/logo\/image\/\"}}]}<\/script>\n<!-- \/ Yoast SEO plugin. -->","yoast_head_json":{"title":"Sobre Nosotros - Maison \u00c9clat","robots":{"index":"index","follow":"follow","max-snippet":"max-snippet:-1","max-image-preview":"max-image-preview:large","max-video-preview":"max-video-preview:-1"},"canonical":"https:\/\/jcolas.santcugatesn.com\/?page_id=471","og_locale":"en_US","og_type":"article","og_title":"Sobre Nosotros - Maison \u00c9clat","og_description":"En MAISON \u00c9CLAT, creemos que la elegancia no es una tendencia, sino una forma de expresi\u00f3n.Nacida de la pasi\u00f3n por el dise\u00f1o atemporal y los detalles exquisitos, nuestra casa representa la uni\u00f3n perfecta entre sofisticaci\u00f3n moderna y artesan\u00eda refinada. Cada pieza de nuestras colecciones es creada con precisi\u00f3n y cuidado, utilizando materiales de la m\u00e1s alta calidad, seleccionados para ofrecer [&hellip;]","og_url":"https:\/\/jcolas.santcugatesn.com\/?page_id=471","og_site_name":"Maison \u00c9clat","twitter_card":"summary_large_image","twitter_misc":{"Est. reading time":"1 minute"},"schema":{"@context":"https:\/\/schema.org","@graph":[{"@type":"WebPage","@id":"https:\/\/jcolas.santcugatesn.com\/?page_id=471","url":"https:\/\/jcolas.santcugatesn.com\/?page_id=471","name":"Sobre Nosotros - Maison \u00c9clat","isPartOf":{"@id":"https:\/\/jcolas.santcugatesn.com\/#website"},"datePublished":"2025-11-11T21:19:07+00:00","breadcrumb":{"@id":"https:\/\/jcolas.santcugatesn.com\/?page_id=471#breadcrumb"},"inLanguage":"en-US","potentialAction":[{"@type":"ReadAction","target":["https:\/\/jcolas.santcugatesn.com\/?page_id=471"]}]},{"@type":"BreadcrumbList","@id":"https:\/\/jcolas.santcugatesn.com\/?page_id=471#breadcrumb","itemListElement":[{"@type":"ListItem","position":1,"name":"Home","item":"https:\/\/jcolas.santcugatesn.com\/"},{"@type":"ListItem","position":2,"name":"Sobre Nosotros"}]},{"@type":"WebSite","@id":"https:\/\/jcolas.santcugatesn.com\/#website","url":"https:\/\/jcolas.santcugatesn.com\/","name":"Maison \u00c9clat","description":"","publisher":{"@id":"https:\/\/jcolas.santcugatesn.com\/#organization"},"potentialAction":[{"@type":"SearchAction","target":{"@type":"EntryPoint","urlTemplate":"https:\/\/jcolas.santcugatesn.com\/?s={search_term_string}"},"query-input":{"@type":"PropertyValueSpecification","valueRequired":true,"valueName":"search_term_string"}}],"inLanguage":"en-US"},{"@type":"Organization","@id":"https:\/\/jcolas.santcugatesn.com\/#organization","name":"Maison \u00c9clat","url":"https:\/\/jcolas.santcugatesn.com\/","logo":{"@type":"ImageObject","inLanguage":"en-US","@id":"https:\/\/jcolas.santcugatesn.com\/#\/schema\/logo\/image\/","url":"https:\/\/jcolas.santcugatesn.com\/wp-content\/uploads\/2025\/10\/cropped-Captura_de_pantalla_2025-10-22_a_las_9.44.59-removebg-preview-1.png","contentUrl":"https:\/\/jcolas.santcugatesn.com\/wp-content\/uploads\/2025\/10\/cropped-Captura_de_pantalla_2025-10-22_a_las_9.44.59-removebg-preview-1.png","width":311,"height":88,"caption":"Maison \u00c9clat"},"image":{"@id":"https:\/\/jcolas.santcugatesn.com\/#\/schema\/logo\/image\/"}}]}},"_links":{"self":[{"href":"https:\/\/jcolas.santcugatesn.com\/index.php?rest_route=\/wp\/v2\/pages\/471","targetHints":{"allow":["GET"]}}],"collection":[{"href":"https:\/\/jcolas.santcugatesn.com\/index.php?rest_route=\/wp\/v2\/pages"}],"about":[{"href":"https:\/\/jcolas.santcugatesn.com\/index.php?rest_route=\/wp\/v2\/types\/page"}],"author":[{"embeddable":true,"href":"https:\/\/jcolas.santcugatesn.com\/index.php?rest_route=\/wp\/v2\/users\/1"}],"replies":[{"embeddable":true,"href":"https:\/\/jcolas.santcugatesn.com\/index.php?rest_route=%2Fwp%2Fv2%2Fcomments&post=471"}],"version-history":[{"count":0,"href":"https:\/\/jcolas.santcugatesn.com\/index.php?rest_route=\/wp\/v2\/pages\/471\/revisions"}],"wp:attachment":[{"href":"https:\/\/jcolas.santcugatesn.com\/index.php?rest_route=%2Fwp%2Fv2%2Fmedia&parent=471"}],"curies":[{"name":"wp","href":"https:\/\/api.w.org\/{rel}","templated":true}]}}